{"id":10,"date":"2019-05-23T18:07:13","date_gmt":"2019-05-23T16:07:13","guid":{"rendered":"http:\/\/refugedugoleon.com\/goleon\/?page_id=10"},"modified":"2020-05-01T13:39:06","modified_gmt":"2020-05-01T11:39:06","slug":"activites","status":"publish","type":"page","link":"http:\/\/refugedugoleon.com\/goleon\/?page_id=10","title":{"rendered":"Activit\u00e9s"},"content":{"rendered":"\n<p>Carte IGN: <a href=\"https:\/\/ignrando.fr\/boutique\/valloire-aiguille-d-arves-col-du-galibier-gps.html\" target=\"_blank\" rel=\"noreferrer noopener\">3435ET &#8211; Valloire\/Aiguille d&rsquo;Arves\/Col du Galibier<\/a><br><br>Retrouvez sur <a href=\"https:\/\/www.camptocamp.org\/routes?w=132273\">Camptocamp<\/a> un topoguide collaboratif des itin\u00e9raires passant par le refuge du Gol\u00e9on. N&rsquo;h\u00e9sitez pas \u00e0 y faire vos <a href=\"https:\/\/www.camptocamp.org\/outings\/add\/fr\">retours d&rsquo;exp\u00e9rience!<\/a><\/p>\n\n\n\n<p><\/p>\n\n\n\n<iframe src=\"https:\/\/www.camptocamp.org\/routes?w=132273&amp;limit=50\" style=\"border:0;\" allowfullscreen=\"\" aria-hidden=\"false\" tabindex=\"0\" width=\"2400\" height=\"600\" frameborder=\"0\"><\/iframe>\n","protected":false},"excerpt":{"rendered":"<p>Carte IGN: 3435ET &#8211; Valloire\/Aiguille d&rsquo;Arves\/Col du Galibier Retrouvez sur Camptocamp un topoguide collaboratif des itin\u00e9raires passant par le refuge du Gol\u00e9on. N&rsquo;h\u00e9sitez pas \u00e0 y faire vos retours d&rsquo;exp\u00e9rience!<\/p>\n","protected":false},"author":1,"featured_media":0,"parent":0,"menu_order":0,"comment_status":"closed","ping_status":"closed","template":"","meta":{"footnotes":""},"_links":{"self":[{"href":"http:\/\/refugedugoleon.com\/goleon\/index.php?rest_route=\/wp\/v2\/pages\/10"}],"collection":[{"href":"http:\/\/refugedugoleon.com\/goleon\/index.php?rest_route=\/wp\/v2\/pages"}],"about":[{"href":"http:\/\/refugedugoleon.com\/goleon\/index.php?rest_route=\/wp\/v2\/types\/page"}],"author":[{"embeddable":true,"href":"http:\/\/refugedugoleon.com\/goleon\/index.php?rest_route=\/wp\/v2\/users\/1"}],"replies":[{"embeddable":true,"href":"http:\/\/refugedugoleon.com\/goleon\/index.php?rest_route=%2Fwp%2Fv2%2Fcomments&post=10"}],"version-history":[{"count":12,"href":"http:\/\/refugedugoleon.com\/goleon\/index.php?rest_route=\/wp\/v2\/pages\/10\/revisions"}],"predecessor-version":[{"id":368,"href":"http:\/\/refugedugoleon.com\/goleon\/index.php?rest_route=\/wp\/v2\/pages\/10\/revisions\/368"}],"wp:attachment":[{"href":"http:\/\/refugedugoleon.com\/goleon\/index.php?rest_route=%2Fwp%2Fv2%2Fmedia&parent=10"}],"curies":[{"name":"wp","href":"https:\/\/api.w.org\/{rel}","templated":true}]}}