{"id":72,"date":"2019-05-28T12:02:19","date_gmt":"2019-05-28T10:02:19","guid":{"rendered":"http:\/\/refugedugoleon.com\/goleon\/?page_id=72"},"modified":"2023-11-15T19:59:47","modified_gmt":"2023-11-15T18:59:47","slug":"un-cadre-exceptionnel","status":"publish","type":"page","link":"http:\/\/refugedugoleon.com\/goleon\/?page_id=72","title":{"rendered":"Un cadre exceptionnel"},"content":{"rendered":"\n<h4 class=\"wp-block-heading\"><strong>La Flore<\/strong><\/h4>\n\n\n\n<div class=\"wp-block-image\"><figure class=\"alignright is-resized\"><img fetchpriority=\"high\" decoding=\"async\" src=\"http:\/\/www.refugedugoleon.com\/images\/flore41.jpg\" alt=\"\" width=\"314\" height=\"206\"\/><\/figure><\/div>\n\n\n\n<p>Des Hameaux de Valfroide au glacier du Gol\u00e9on, du Lys Martagon aux Renoncules en passant par les Linaigrettes, c&rsquo;est un v\u00e9ritable panel de la flore alpine qui s&rsquo;offre a vos yeux. Les meilleures p\u00e9riodes pour d\u00e9couvrir la flore de montagne&nbsp;sont les mois de juin et de juillet.<\/p>\n\n\n\n<figure class=\"wp-block-image is-resized\"><img decoding=\"async\" src=\"http:\/\/www.refugedugoleon.com\/images\/leon.jpg\" alt=\"\" width=\"302\" height=\"202\"\/><\/figure>\n\n\n\n<h4 class=\"wp-block-heading\"><strong>La Faune<\/strong><\/h4>\n\n\n\n<div class=\"wp-block-image\"><figure class=\"alignright\"><img decoding=\"async\" src=\"http:\/\/www.refugedugoleon.com\/images\/bouquetin1_page.jpg\" alt=\"\"\/><\/figure><\/div>\n\n\n\n<p>Marmottes, chamois, bouquetins, aigles, vautours&#8230; sont pr\u00e9sents dans le vallon du Gol\u00e9on. Munissez vous de jumelles et soyez discret si vous souhaitez observer la faune.<\/p>\n\n\n\n<h4 class=\"wp-block-heading\"><strong>Le Paysage<\/strong><\/h4>\n\n\n\n<p>Vous d\u00e9couvrirez l&rsquo;un&nbsp;des plus beau panorama des Alpes avec une vue exceptionnelle sur le massif de la Meije et ses glaciers, mais aussi une vue rapproch\u00e9 sur les Aiguilles d&rsquo;Arves et la Savoie depuis le col Lombard. Du refuge vous profiterez du lev\u00e9 et du couch\u00e9 du Soleil sur la Meije ! C&rsquo;est Magique&#8230;<\/p>\n\n\n\n<div class=\"wp-block-image\"><figure class=\"aligncenter is-resized\"><img decoding=\"async\" src=\"http:\/\/www.refugedugoleon.com\/images\/Meije-rose-2.jpg\" alt=\"\" width=\"563\" height=\"377\"\/><\/figure><\/div>\n\n\n\n<p>La g\u00e9ologie du vallon est \u00e9galement remarquable : retrouvez le poster r\u00e9alis\u00e9 par Coline Ariagno pour toutes les explications :<br><\/p>\n\n\n\n<div class=\"wp-block-file\"><a id=\"wp-block-file--media-40348a42-dd01-462b-8bae-1f38e82fe65c\" href=\"http:\/\/refugedugoleon.com\/goleon\/wp-content\/uploads\/2023\/11\/poster_gole\u0301on_VF5-1.png\">poster g\u00e9ologie du vallon<\/a><a href=\"http:\/\/refugedugoleon.com\/goleon\/wp-content\/uploads\/2023\/11\/poster_gole\u0301on_VF5-1.png\" class=\"wp-block-file__button\" download aria-describedby=\"wp-block-file--media-40348a42-dd01-462b-8bae-1f38e82fe65c\">T\u00e9l\u00e9charger<\/a><\/div>\n\n\n\n<p><\/p>\n","protected":false},"excerpt":{"rendered":"<p>La Flore Des Hameaux de Valfroide au glacier du Gol\u00e9on, du Lys Martagon aux Renoncules en passant par les Linaigrettes, c&rsquo;est un v\u00e9ritable panel de la flore alpine qui s&rsquo;offre a vos yeux. Les meilleures p\u00e9riodes pour d\u00e9couvrir la flore de montagne&nbsp;sont les mois de juin et de juillet. La Faune Marmottes, chamois, bouquetins, aigles, vautours&#8230; sont pr\u00e9sents dans le vallon du Gol\u00e9on. Munissez vous de jumelles et soyez discret si vous souhaitez observer la faune. Le Paysage Vous d\u00e9couvrirez&#8230;<\/p>\n<p class=\"read-more\"><a class=\"btn btn-default\" href=\"http:\/\/refugedugoleon.com\/goleon\/?page_id=72\">Lire la suite<span class=\"screen-reader-text\"> Lire la suite<\/span><\/a><\/p>\n","protected":false},"author":1,"featured_media":0,"parent":0,"menu_order":0,"comment_status":"closed","ping_status":"closed","template":"","meta":{"footnotes":""},"_links":{"self":[{"href":"http:\/\/refugedugoleon.com\/goleon\/index.php?rest_route=\/wp\/v2\/pages\/72"}],"collection":[{"href":"http:\/\/refugedugoleon.com\/goleon\/index.php?rest_route=\/wp\/v2\/pages"}],"about":[{"href":"http:\/\/refugedugoleon.com\/goleon\/index.php?rest_route=\/wp\/v2\/types\/page"}],"author":[{"embeddable":true,"href":"http:\/\/refugedugoleon.com\/goleon\/index.php?rest_route=\/wp\/v2\/users\/1"}],"replies":[{"embeddable":true,"href":"http:\/\/refugedugoleon.com\/goleon\/index.php?rest_route=%2Fwp%2Fv2%2Fcomments&post=72"}],"version-history":[{"count":11,"href":"http:\/\/refugedugoleon.com\/goleon\/index.php?rest_route=\/wp\/v2\/pages\/72\/revisions"}],"predecessor-version":[{"id":719,"href":"http:\/\/refugedugoleon.com\/goleon\/index.php?rest_route=\/wp\/v2\/pages\/72\/revisions\/719"}],"wp:attachment":[{"href":"http:\/\/refugedugoleon.com\/goleon\/index.php?rest_route=%2Fwp%2Fv2%2Fmedia&parent=72"}],"curies":[{"name":"wp","href":"https:\/\/api.w.org\/{rel}","templated":true}]}}