{"id":773,"date":"2024-04-16T17:42:41","date_gmt":"2024-04-16T15:42:41","guid":{"rendered":"https:\/\/refugedugoleon.com\/goleon\/?page_id=773"},"modified":"2026-02-12T09:39:14","modified_gmt":"2026-02-12T08:39:14","slug":"reserver-au-refuge","status":"publish","type":"page","link":"http:\/\/refugedugoleon.com\/goleon\/?page_id=773","title":{"rendered":"R\u00e9server au refuge"},"content":{"rendered":"\n<p class=\"has-black-color has-text-color has-link-color has-medium-font-size wp-elements-dc59118aa347f51d935c01259b170b30\"><strong>R\u00e9servations en ligne ou au t\u00e9l\u00e9phone<\/strong>. <br>Pour les r\u00e9servations de derni\u00e8re minute (J-3 \u00e0 J-1) contactez nous par t\u00e9l\u00e9phone. Si vous voyez \u00ab\u00a0non r\u00e9servable\u00a0\u00bb en gris sur le planning de r\u00e9servation, ce n&rsquo;est pas n\u00e9cessairement que nous sommes complets, mais que les r\u00e9servations s&rsquo;effectuent par t\u00e9l\u00e9phone uniquement !<br>Dans tous les cas nous restons bien s\u00fbr disponible au 06.87.26.46.54 pour plus d&rsquo;informations si besoin (lorsque le r\u00e9seau nous le permet).<br>( Vous pouvez \u00e9galement nous \u00e9crire \u00e0 <em>refugedugoleon@hotmail.com<\/em> )<\/p>\n\n\n\n<p class=\"has-black-color has-text-color has-link-color has-medium-font-size wp-elements-b698cf517344432af2a4238461f3af59\"><strong>Nous ne recevons pas les SMS<\/strong> ! Le t\u00e9l\u00e9phone n&rsquo;est pas un portable. <\/p>\n\n\n\n<h2 class=\"wp-block-heading\">Pourquoi r\u00e9server ?<\/h2>\n\n\n\n<p>En refuge il est d&rsquo;usage de <strong>r\u00e9server<\/strong> afin que les gardien(ne)s puissent pr\u00e9parer les repas en cons\u00e9quence et vous garder une place dans les dortoirs. En cas d&rsquo;annulation, si vous souhaitez r\u00e9cup\u00e9rer vos arrhes, <strong>vous devez pr\u00e9venir 72 H AVANT LA DATE DE VOTRE VENUE <\/strong><em>(<\/em><strong> <\/strong><em>ex : si vous avez r\u00e9serv\u00e9 pour le samedi, vous devez nous pr\u00e9venir au plus tard le mercredi matin)<\/em>. Et dans tous les cas il est important de nous pr\u00e9venir, m\u00eame si vous n&rsquo;avez pas vers\u00e9 d&rsquo;arrhes. <br>Pour les <strong>groupes de 8 et +<\/strong>, l&rsquo;annulation doit \u00eatre faite <strong>7 JOURS AVANT<\/strong> votre venue si vous souhaitez r\u00e9cup\u00e9rer vos arrhes (car les groupes repr\u00e9sentent une grosse proportion de notre capacit\u00e9, et re remplir n&rsquo;est pas garanti). Merci pour votre compr\u00e9hension. <\/p>\n\n\n\n<p>Lors de votre venue, pensez \u00e0 prendre <strong>ch\u00e8ques <\/strong>ou <strong>esp\u00e8ces <\/strong>afin de r\u00e9gler le restant d\u00fb. Nous ne prenons pas la CB. <\/p>\n\n\n\n<p>A bient\u00f4t !<\/p>\n\n\n\n<script type=\"text\/javascript\" src=\"\/\/gadget.open-system.fr\/widgets-libs\/rel\/noyau-1.0.min.js\"><\/script>\n<script type=\"text\/javascript\">\n( function() {\n\u2002\u2002\u2002\u2002\u2002\u2002var widgetProduit = AllianceReseaux.Widget.Instance( \"Produit\", { idPanier:\"c1dzc3M\", idIntegration:1169, langue:\"fr\", ui:\"OPRF-130844\" } );\n\u2002\u2002\u2002\u2002\u2002\u2002widgetProduit.Initialise();\n})();\n<\/script>\n\n<div id=\"widget-produit-OPRF-130844\"><\/div>\n","protected":false},"excerpt":{"rendered":"<p>R\u00e9servations en ligne ou au t\u00e9l\u00e9phone. Pour les r\u00e9servations de derni\u00e8re minute (J-3 \u00e0 J-1) contactez nous par t\u00e9l\u00e9phone. Si vous voyez \u00ab\u00a0non r\u00e9servable\u00a0\u00bb en gris sur le planning de r\u00e9servation, ce n&rsquo;est pas n\u00e9cessairement que nous sommes complets, mais que les r\u00e9servations s&rsquo;effectuent par t\u00e9l\u00e9phone uniquement !Dans tous les cas nous restons bien s\u00fbr disponible au 06.87.26.46.54 pour plus d&rsquo;informations si besoin (lorsque le r\u00e9seau nous le permet).( Vous pouvez \u00e9galement nous \u00e9crire \u00e0 refugedugoleon@hotmail.com ) Nous ne recevons&#8230;<\/p>\n<p class=\"read-more\"><a class=\"btn btn-default\" href=\"http:\/\/refugedugoleon.com\/goleon\/?page_id=773\">Lire la suite<span class=\"screen-reader-text\"> Lire la suite<\/span><\/a><\/p>\n","protected":false},"author":1,"featured_media":0,"parent":0,"menu_order":0,"comment_status":"closed","ping_status":"closed","template":"","meta":{"footnotes":""},"_links":{"self":[{"href":"http:\/\/refugedugoleon.com\/goleon\/index.php?rest_route=\/wp\/v2\/pages\/773"}],"collection":[{"href":"http:\/\/refugedugoleon.com\/goleon\/index.php?rest_route=\/wp\/v2\/pages"}],"about":[{"href":"http:\/\/refugedugoleon.com\/goleon\/index.php?rest_route=\/wp\/v2\/types\/page"}],"author":[{"embeddable":true,"href":"http:\/\/refugedugoleon.com\/goleon\/index.php?rest_route=\/wp\/v2\/users\/1"}],"replies":[{"embeddable":true,"href":"http:\/\/refugedugoleon.com\/goleon\/index.php?rest_route=%2Fwp%2Fv2%2Fcomments&post=773"}],"version-history":[{"count":17,"href":"http:\/\/refugedugoleon.com\/goleon\/index.php?rest_route=\/wp\/v2\/pages\/773\/revisions"}],"predecessor-version":[{"id":975,"href":"http:\/\/refugedugoleon.com\/goleon\/index.php?rest_route=\/wp\/v2\/pages\/773\/revisions\/975"}],"wp:attachment":[{"href":"http:\/\/refugedugoleon.com\/goleon\/index.php?rest_route=%2Fwp%2Fv2%2Fmedia&parent=773"}],"curies":[{"name":"wp","href":"https:\/\/api.w.org\/{rel}","templated":true}]}}