{"id":13,"date":"2019-05-23T18:07:13","date_gmt":"2019-05-23T16:07:13","guid":{"rendered":"http:\/\/refugedugoleon.com\/goleon\/?page_id=13"},"modified":"2019-06-10T16:42:24","modified_gmt":"2019-06-10T14:42:24","slug":"randonnees","status":"publish","type":"page","link":"https:\/\/refugedugoleon.com\/goleon\/?page_id=13","title":{"rendered":"Randonn\u00e9es"},"content":{"rendered":"\n<h3 class=\"wp-block-heading\"> <strong>Une id\u00e9e de travers\u00e9e<\/strong> :&nbsp; travers\u00e9e du plateau d&rsquo;Emparis au d\u00e9part du lac&nbsp;du Chambon <\/h3>\n\n\n\n<ul><li>J1 : Rejoindre le <strong>refuge des Clots<\/strong> ( depuis le parking du Parizet ou de Mizo\u00ebn )<\/li><li>J2 : refuge des Clots -&gt; <strong>refuge des Mouterres<\/strong><\/li><li>J3 : refuge des Mouterres -&gt; <strong>refuge du pic du mas de la grave<\/strong><\/li><li>J4 : refuge du pic du mas de la grave -&gt; REFUGE DU GOLEON! <\/li><\/ul>\n\n\n\n<h3 class=\"wp-block-heading\"> <strong>Une id\u00e9e de circuit<\/strong> :&nbsp;en 5 jours<\/h3>\n\n\n\n<ul><li>J1 : d\u00e9part de Villar d&rsquo;Ar\u00e8ne &#8211;&nbsp;GR longeant la romanche jusqu&rsquo;au pont d&rsquo;arsine&nbsp;&#8211;&nbsp;<strong>Chalet refuge de Chamoissi\u00e8re<\/strong>&nbsp;ou&nbsp;son plus gros voisin le <strong>Refuge de l&rsquo;alpe de Villar d&rsquo;Ar\u00e8ne<\/strong><\/li><li>J2 :&nbsp;sentier des crevasses jusqu&rsquo;au col du lautaret, GR, lac du pontet-&nbsp;<strong>REFUGE DU GOLEON<\/strong><\/li><li>J3 : Cruq des aiguilles &#8211; Signal de La Grave par les \u00ab\u00a0chemins d&rsquo;avant\u00a0\u00bb-&nbsp;<strong>Refuge du pic du mas de la grave<\/strong><\/li><li>J4 :&nbsp;redescente \u00e0 La Grave &#8211; mont\u00e9e ( par le sentier ou le&nbsp;t\u00e9l\u00e9ph\u00e9rique&nbsp;) au&nbsp;<strong>refuge Evariste Chancel<\/strong><\/li><li>J5 :&nbsp;retour \u00e0 Villar d&rsquo;Ar\u00e8ne.<\/li><\/ul>\n\n\n\n<h3 class=\"wp-block-heading\">Depuis le refuge, plusieurs balades possibles : <\/h3>\n\n\n\n<ul><li>aller-retour Col Lombard<\/li><li>aller-retour Col des trois pointes<\/li><li>aller-retour Col du Gol\u00e9on ou bien travers\u00e9e pour rejoindre Bonnenuit ou le <strong>refuge des Dray\u00e8res<\/strong><\/li><li>retour au parking en passant par le Cruq des aiguilles<\/li><\/ul>\n\n\n\n<p style=\"font-size:24px\" class=\"has-text-color has-very-dark-gray-color\">Autres id\u00e9es d&rsquo;itin\u00e9raires sur : <em><a href=\"https:\/\/www.cheminsdavant.com\/chemin.htm\">https:\/\/www.cheminsdavant.com\/chemin.htm<\/a><\/em><\/p>\n","protected":false},"excerpt":{"rendered":"<p>Une id\u00e9e de travers\u00e9e :&nbsp; travers\u00e9e du plateau d&rsquo;Emparis au d\u00e9part du lac&nbsp;du Chambon J1 : Rejoindre le refuge des Clots ( depuis le parking du Parizet ou de Mizo\u00ebn ) J2 : refuge des Clots -&gt; refuge des Mouterres J3 : refuge des Mouterres -&gt; refuge du pic du mas de la grave J4 : refuge du pic du mas de la grave -&gt; REFUGE DU GOLEON! Une id\u00e9e de circuit :&nbsp;en 5 jours J1 : d\u00e9part de Villar&#8230;<\/p>\n<p class=\"read-more\"><a class=\"btn btn-default\" href=\"https:\/\/refugedugoleon.com\/goleon\/?page_id=13\">Lire la suite<span class=\"screen-reader-text\"> Lire la suite<\/span><\/a><\/p>\n","protected":false},"author":1,"featured_media":0,"parent":0,"menu_order":0,"comment_status":"closed","ping_status":"closed","template":"","meta":{"footnotes":""},"_links":{"self":[{"href":"https:\/\/refugedugoleon.com\/goleon\/index.php?rest_route=\/wp\/v2\/pages\/13"}],"collection":[{"href":"https:\/\/refugedugoleon.com\/goleon\/index.php?rest_route=\/wp\/v2\/pages"}],"about":[{"href":"https:\/\/refugedugoleon.com\/goleon\/index.php?rest_route=\/wp\/v2\/types\/page"}],"author":[{"embeddable":true,"href":"https:\/\/refugedugoleon.com\/goleon\/index.php?rest_route=\/wp\/v2\/users\/1"}],"replies":[{"embeddable":true,"href":"https:\/\/refugedugoleon.com\/goleon\/index.php?rest_route=%2Fwp%2Fv2%2Fcomments&post=13"}],"version-history":[{"count":17,"href":"https:\/\/refugedugoleon.com\/goleon\/index.php?rest_route=\/wp\/v2\/pages\/13\/revisions"}],"predecessor-version":[{"id":279,"href":"https:\/\/refugedugoleon.com\/goleon\/index.php?rest_route=\/wp\/v2\/pages\/13\/revisions\/279"}],"wp:attachment":[{"href":"https:\/\/refugedugoleon.com\/goleon\/index.php?rest_route=%2Fwp%2Fv2%2Fmedia&parent=13"}],"curies":[{"name":"wp","href":"https:\/\/api.w.org\/{rel}","templated":true}]}}