{"id":14,"date":"2019-05-23T18:07:13","date_gmt":"2019-05-23T16:07:13","guid":{"rendered":"http:\/\/refugedugoleon.com\/goleon\/?page_id=14"},"modified":"2020-05-01T13:55:33","modified_gmt":"2020-05-01T11:55:33","slug":"courses-dalpinisme","status":"publish","type":"page","link":"https:\/\/refugedugoleon.com\/goleon\/?page_id=14","title":{"rendered":"Courses d&rsquo;alpinisme"},"content":{"rendered":"\n<p>Course d\u2019alpinisme au d\u00e9part du refuge :\u00a0n\u00e9cessite le mat\u00e9riel ad\u00e9quat !<br>N&rsquo;h\u00e9sitez pas \u00e0 vous faire accompagner par le Bureau des Guides de la Grave (04 76 79 90 21).<\/p>\n\n\n\n<p class=\"has-text-color has-very-dark-gray-color\"><strong><a rel=\"noreferrer noopener\" href=\"https:\/\/www.camptocamp.org\/routes\/45795\" target=\"_blank\">Aiguille du Gol\u00e9on<\/a><\/strong> (3472m) : Course Facile &#8211; 3 h 30<br><strong><a rel=\"noreferrer noopener\" href=\"https:\/\/www.camptocamp.org\/routes\/951875\" target=\"_blank\">Aiguille M\u00e9ridionale d&rsquo;Arve<\/a><\/strong> (3514m) : Course D &#8211; 4 \u00e0 5 h  <\/p>\n\n\n\n<p><\/p>\n","protected":false},"excerpt":{"rendered":"<p>Course d\u2019alpinisme au d\u00e9part du refuge :\u00a0n\u00e9cessite le mat\u00e9riel ad\u00e9quat !N&rsquo;h\u00e9sitez pas \u00e0 vous faire accompagner par le Bureau des Guides de la Grave (04 76 79 90 21). Aiguille du Gol\u00e9on (3472m) : Course Facile &#8211; 3 h 30Aiguille M\u00e9ridionale d&rsquo;Arve (3514m) : Course D &#8211; 4 \u00e0 5 h<\/p>\n","protected":false},"author":1,"featured_media":0,"parent":0,"menu_order":0,"comment_status":"closed","ping_status":"closed","template":"","meta":{"footnotes":""},"_links":{"self":[{"href":"https:\/\/refugedugoleon.com\/goleon\/index.php?rest_route=\/wp\/v2\/pages\/14"}],"collection":[{"href":"https:\/\/refugedugoleon.com\/goleon\/index.php?rest_route=\/wp\/v2\/pages"}],"about":[{"href":"https:\/\/refugedugoleon.com\/goleon\/index.php?rest_route=\/wp\/v2\/types\/page"}],"author":[{"embeddable":true,"href":"https:\/\/refugedugoleon.com\/goleon\/index.php?rest_route=\/wp\/v2\/users\/1"}],"replies":[{"embeddable":true,"href":"https:\/\/refugedugoleon.com\/goleon\/index.php?rest_route=%2Fwp%2Fv2%2Fcomments&post=14"}],"version-history":[{"count":9,"href":"https:\/\/refugedugoleon.com\/goleon\/index.php?rest_route=\/wp\/v2\/pages\/14\/revisions"}],"predecessor-version":[{"id":374,"href":"https:\/\/refugedugoleon.com\/goleon\/index.php?rest_route=\/wp\/v2\/pages\/14\/revisions\/374"}],"wp:attachment":[{"href":"https:\/\/refugedugoleon.com\/goleon\/index.php?rest_route=%2Fwp%2Fv2%2Fmedia&parent=14"}],"curies":[{"name":"wp","href":"https:\/\/api.w.org\/{rel}","templated":true}]}}