{"id":15,"date":"2019-05-23T18:07:13","date_gmt":"2019-05-23T16:07:13","guid":{"rendered":"http:\/\/refugedugoleon.com\/goleon\/?page_id=15"},"modified":"2020-05-01T13:41:42","modified_gmt":"2020-05-01T11:41:42","slug":"peche","status":"publish","type":"page","link":"https:\/\/refugedugoleon.com\/goleon\/?page_id=15","title":{"rendered":"P\u00eache"},"content":{"rendered":"\n<p>Le lac est alevin\u00e9 par la <a rel=\"noreferrer noopener\" href=\"http:\/\/peche-hautes-alpes.com\/?s=gol%C3%A9on\" target=\"_blank\">f\u00e9d\u00e9ration d\u00e9partementale<\/a> en \u00ab\u00a0truites farois\u00a0\u00bb et \u00ab\u00a0saumons de fontaine\u00a0\u00bb.\u00a0Le lac est class\u00e9 en 1\u00e8re cat\u00e9gorie. La p\u00eache sera ouverte\u00a0du 3\u00e8me samedi de juin jusqu&rsquo;au 2\u00e8me dimanche d&rsquo;octobre.\u00a0Vente de cartes de p\u00eache journali\u00e8re \u00e0 la Grave (Office du tourisme) ou \u00e0 Villar d&rsquo;Ar\u00e8ne (bar le Vannoir).<\/p>\n\n\n\n<figure class=\"wp-block-image\"><img decoding=\"async\" src=\"http:\/\/www.refugedugoleon.com\/images\/truite.jpg\" alt=\"\"\/><\/figure>\n","protected":false},"excerpt":{"rendered":"<p>Le lac est alevin\u00e9 par la f\u00e9d\u00e9ration d\u00e9partementale en \u00ab\u00a0truites farois\u00a0\u00bb et \u00ab\u00a0saumons de fontaine\u00a0\u00bb.\u00a0Le lac est class\u00e9 en 1\u00e8re cat\u00e9gorie. La p\u00eache sera ouverte\u00a0du 3\u00e8me samedi de juin jusqu&rsquo;au 2\u00e8me dimanche d&rsquo;octobre.\u00a0Vente de cartes de p\u00eache journali\u00e8re \u00e0 la Grave (Office du tourisme) ou \u00e0 Villar d&rsquo;Ar\u00e8ne (bar le Vannoir).<\/p>\n","protected":false},"author":1,"featured_media":0,"parent":0,"menu_order":0,"comment_status":"closed","ping_status":"closed","template":"","meta":{"footnotes":""},"_links":{"self":[{"href":"https:\/\/refugedugoleon.com\/goleon\/index.php?rest_route=\/wp\/v2\/pages\/15"}],"collection":[{"href":"https:\/\/refugedugoleon.com\/goleon\/index.php?rest_route=\/wp\/v2\/pages"}],"about":[{"href":"https:\/\/refugedugoleon.com\/goleon\/index.php?rest_route=\/wp\/v2\/types\/page"}],"author":[{"embeddable":true,"href":"https:\/\/refugedugoleon.com\/goleon\/index.php?rest_route=\/wp\/v2\/users\/1"}],"replies":[{"embeddable":true,"href":"https:\/\/refugedugoleon.com\/goleon\/index.php?rest_route=%2Fwp%2Fv2%2Fcomments&post=15"}],"version-history":[{"count":5,"href":"https:\/\/refugedugoleon.com\/goleon\/index.php?rest_route=\/wp\/v2\/pages\/15\/revisions"}],"predecessor-version":[{"id":369,"href":"https:\/\/refugedugoleon.com\/goleon\/index.php?rest_route=\/wp\/v2\/pages\/15\/revisions\/369"}],"wp:attachment":[{"href":"https:\/\/refugedugoleon.com\/goleon\/index.php?rest_route=%2Fwp%2Fv2%2Fmedia&parent=15"}],"curies":[{"name":"wp","href":"https:\/\/api.w.org\/{rel}","templated":true}]}}