{"id":7,"date":"2019-05-23T18:07:13","date_gmt":"2019-05-23T16:07:13","guid":{"rendered":"http:\/\/refugedugoleon.com\/goleon\/?page_id=7"},"modified":"2023-12-14T10:36:04","modified_gmt":"2023-12-14T09:36:04","slug":"acces","status":"publish","type":"page","link":"https:\/\/refugedugoleon.com\/goleon\/?page_id=7","title":{"rendered":"Acc\u00e8s"},"content":{"rendered":"\n<figure class=\"wp-block-image\"><a href=\"http:\/\/www.refugedugoleon.com\/images\/montee-au-goleon.jpg\"><img decoding=\"async\" src=\"http:\/\/www.refugedugoleon.com\/images\/montee-au-goleon.jpg\" alt=\"acces ski rando refuge du goleon\"\/><\/a><\/figure>\n\n\n\n<h2 class=\"wp-block-heading\">En hiver<\/h2>\n\n\n\n<p>     Depuis la Grave, monter en voiture jusqu\u2019au village des Hi\u00e8res et s&rsquo;y garer. Traverser le village\u00a0\u00e0 pied et emprunter la piste qui m\u00e8ne \u00e0 Valfroide. Depuis le plot (dernier hameau de Valfroide) deux options sont possibles :<\/p>\n\n\n\n<ul><li>Acc\u00e8s direct\u00a0(itin\u00e9raire rouge) : identique\u00a0\u00e0 celui d&rsquo;\u00e9t\u00e9. Cet itin\u00e9raire direct mais assez raide, est potentiellement expos\u00e9\u00a0\u00e0 des coul\u00e9es d&rsquo;avalanches (suite\u00a0\u00e0 de r\u00e9centes chutes de neige ou en cas de r\u00e9chauffement printanier). Des Hi\u00e8res\u00a0au refuge : 700 m\u00e8tres de d\u00e9nivel\u00e9e &#8211;\u00a02 h \u00e0 2 h 30. De Valfroide au refuge (acc\u00e8s en voiture par la piste depuis les Hi\u00e8res &#8211; parking du Plot)\u00a0: 600 m\u00e8tres de d\u00e9nivel\u00e9e &#8211; 1 h 30 \u00e0 2 h<br><br>Voir aussi le descriptif sur <a href=\"https:\/\/www.camptocamp.org\/routes\/772622\">Camptocamp<\/a>.<\/li><\/ul>\n\n\n\n<ul><li>Acc\u00e8s par le Cruq des Aiguilles\u00a0(itineraire bleu) : du hameau du Plot se diriger vers le vallon de\u00a0gauche, en direction du chalet de la Celle. Remontez les pentes\u00a0nord pour atteindre le petit col du Cruq des Aiguilles. De l\u00e0 redescendez\u00a0\u00e0 ski (200 m de d\u00e9nivel\u00e9e) au refuge en suivant \u00e0 main droite l&rsquo;arr\u00eate rocheuse de la Roche de Casse. Des Hi\u00e8res\u00a0au refuge : 1 000 m\u00e8tres de d\u00e9nivel\u00e9e &#8211; 3 heures.<br><br>Voir aussi le descriptif sur <a href=\"https:\/\/www.camptocamp.org\/routes\/185824\">Camptocamp<\/a>.<\/li><\/ul>\n\n\n\n<p>Coordonn\u00e9es GPS du refuge : Longitude&nbsp;:6\u00b0 21&prime; 25.99&Prime; E Latitude&nbsp;:45\u00b0 4&prime; 51.99&Prime; N<\/p>\n\n\n\n<h2 class=\"wp-block-heading\">En \u00e9t\u00e9<\/h2>\n\n\n\n<p>     Depuis la Grave, montez en voiture jusqu\u2019au village des Hi\u00e8res. Traversez le village (route du haut) et continuez en roulant doucement sur le chemin carrossable jusqu\u2019aux magnifiques hameaux de Valfroide. Se garer au bout de la piste.<\/p>\n\n\n\n<p>     De l\u00e0, remontez le sentier bien trac\u00e9, qui longe le torrent du Maurian par sa rive droite. On commence ainsi par traverser un grand champ en pente douce, puis l&rsquo;inclinaison de la pente augmente r\u00e9guli\u00e8rement et le sentier se&nbsp;poursuit en lacets. Le long du chemin, d\u00e9couvrez sur des dalles l&rsquo;histoire des mines de Salomon.<\/p>\n\n\n\n<p>Au terme de la mont\u00e9e, vous d\u00e9couvrirez le lac du Gol\u00e9on face \u00e0 vous et le refuge sur votre gauche.<\/p>\n\n\n\n<p>Du parking au refuge et au lac, comptez de 1 h \u00e0 1 h 30 de marche.<\/p>\n\n\n\n<p class=\"has-very-dark-gray-color has-text-color\">Voir aussi le descriptif sur <span class=\"has-inline-color has-vivid-cyan-blue-color\"><a href=\"https:\/\/www.camptocamp.org\/routes\/772622\">Camptocamp<\/a>.<\/span><\/p>\n\n\n\n<h2 class=\"wp-block-heading\">Venir \u00e0 la Grave &#8211; la Meije<\/h2>\n\n\n\n<p class=\"has-very-dark-gray-color has-text-color\">Office du tourisme et plan d&rsquo;acc\u00e8s :&nbsp;<a rel=\"noreferrer noopener\" href=\"http:\/\/www.lagrave-lameije.com\/index.jsp?c=66993&amp;exp=66993\" target=\"_blank\"><em>www.lagrave-lameije.com<\/em><\/a><em>&nbsp;<\/em>&nbsp;<\/p>\n\n\n\n<p><\/p>\n\n\n\n<iframe src=\"https:\/\/www.google.com\/maps\/embed?pb=!1m19!1m8!1m3!1d90190.80821552218!2d6.315573!3d45.05612300000001!3m2!1i1024!2i768!4f13.1!4m8!3e0!4m0!4m5!1s0x478a199e8c70b423%3A0x2e46458f1ec4c6b!2sHameau%20de%20Valfroide%2C%2005320%20La%20Grave!3m2!1d45.064251!2d6.329326!5e0!3m2!1sfr!2sfr!4v1588331389321!5m2!1sfr!2sfr\" style=\"border:0;\" allowfullscreen=\"\" aria-hidden=\"false\" tabindex=\"0\" width=\"600\" height=\"450\" frameborder=\"0\"><\/iframe>\n","protected":false},"excerpt":{"rendered":"<p>En hiver Depuis la Grave, monter en voiture jusqu\u2019au village des Hi\u00e8res et s&rsquo;y garer. Traverser le village\u00a0\u00e0 pied et emprunter la piste qui m\u00e8ne \u00e0 Valfroide. Depuis le plot (dernier hameau de Valfroide) deux options sont possibles : Acc\u00e8s direct\u00a0(itin\u00e9raire rouge) : identique\u00a0\u00e0 celui d&rsquo;\u00e9t\u00e9. Cet itin\u00e9raire direct mais assez raide, est potentiellement expos\u00e9\u00a0\u00e0 des coul\u00e9es d&rsquo;avalanches (suite\u00a0\u00e0 de r\u00e9centes chutes de neige ou en cas de r\u00e9chauffement printanier). Des Hi\u00e8res\u00a0au refuge : 700 m\u00e8tres de d\u00e9nivel\u00e9e &#8211;\u00a02 h&#8230;<\/p>\n<p class=\"read-more\"><a class=\"btn btn-default\" href=\"https:\/\/refugedugoleon.com\/goleon\/?page_id=7\">Lire la suite<span class=\"screen-reader-text\"> Lire la suite<\/span><\/a><\/p>\n","protected":false},"author":1,"featured_media":0,"parent":0,"menu_order":0,"comment_status":"closed","ping_status":"closed","template":"","meta":{"footnotes":""},"_links":{"self":[{"href":"https:\/\/refugedugoleon.com\/goleon\/index.php?rest_route=\/wp\/v2\/pages\/7"}],"collection":[{"href":"https:\/\/refugedugoleon.com\/goleon\/index.php?rest_route=\/wp\/v2\/pages"}],"about":[{"href":"https:\/\/refugedugoleon.com\/goleon\/index.php?rest_route=\/wp\/v2\/types\/page"}],"author":[{"embeddable":true,"href":"https:\/\/refugedugoleon.com\/goleon\/index.php?rest_route=\/wp\/v2\/users\/1"}],"replies":[{"embeddable":true,"href":"https:\/\/refugedugoleon.com\/goleon\/index.php?rest_route=%2Fwp%2Fv2%2Fcomments&post=7"}],"version-history":[{"count":23,"href":"https:\/\/refugedugoleon.com\/goleon\/index.php?rest_route=\/wp\/v2\/pages\/7\/revisions"}],"predecessor-version":[{"id":725,"href":"https:\/\/refugedugoleon.com\/goleon\/index.php?rest_route=\/wp\/v2\/pages\/7\/revisions\/725"}],"wp:attachment":[{"href":"https:\/\/refugedugoleon.com\/goleon\/index.php?rest_route=%2Fwp%2Fv2%2Fmedia&parent=7"}],"curies":[{"name":"wp","href":"https:\/\/api.w.org\/{rel}","templated":true}]}}