{"id":70,"date":"2019-05-28T12:02:19","date_gmt":"2019-05-28T10:02:19","guid":{"rendered":"http:\/\/refugedugoleon.com\/goleon\/?page_id=70"},"modified":"2023-03-14T18:18:28","modified_gmt":"2023-03-14T17:18:28","slug":"le-batiment","status":"publish","type":"page","link":"https:\/\/refugedugoleon.com\/goleon\/?page_id=70","title":{"rendered":"A propos du refuge"},"content":{"rendered":"\n<h2 class=\"wp-block-heading\" id=\"batiment_gardiennes\">Le b\u00e2timents et ses gardien(ne)s<\/h2>\n\n\n\n<div class=\"wp-block-image\"><figure class=\"alignright size-large is-resized\"><img fetchpriority=\"high\" decoding=\"async\" src=\"http:\/\/refugedugoleon.com\/goleon\/wp-content\/uploads\/2023\/03\/signal-2022-02-04-233719_019-e1678812874156-985x1024.jpeg\" alt=\"\" class=\"wp-image-633\" width=\"267\" height=\"277\" srcset=\"https:\/\/refugedugoleon.com\/goleon\/wp-content\/uploads\/2023\/03\/signal-2022-02-04-233719_019-e1678812874156-985x1024.jpeg 985w, https:\/\/refugedugoleon.com\/goleon\/wp-content\/uploads\/2023\/03\/signal-2022-02-04-233719_019-e1678812874156-289x300.jpeg 289w, https:\/\/refugedugoleon.com\/goleon\/wp-content\/uploads\/2023\/03\/signal-2022-02-04-233719_019-e1678812874156-768x799.jpeg 768w, https:\/\/refugedugoleon.com\/goleon\/wp-content\/uploads\/2023\/03\/signal-2022-02-04-233719_019-e1678812874156-1477x1536.jpeg 1477w, https:\/\/refugedugoleon.com\/goleon\/wp-content\/uploads\/2023\/03\/signal-2022-02-04-233719_019-e1678812874156-260x270.jpeg 260w, https:\/\/refugedugoleon.com\/goleon\/wp-content\/uploads\/2023\/03\/signal-2022-02-04-233719_019-e1678812874156.jpeg 1536w\" sizes=\"(max-width: 267px) 100vw, 267px\" \/><\/figure><\/div>\n\n\n\n<p>     Blotti dans le vallon du Gol\u00e9on, \u00e0 proximit\u00e9 du lac (200 m\u00e8tres) et face \u00e0 la Meije, le refuge du Gol\u00e9on vous accueille dans un cadre exceptionnel. De pierre de taille et de bois, ce b\u00e2timent, construit en 2009 par son propri\u00e9taire (Guy Berthet) vous s\u00e9duira par sa beaut\u00e9 rustique. <\/p>\n\n\n\n<div class=\"wp-block-image\"><figure class=\"alignleft is-resized\"><img decoding=\"async\" src=\"http:\/\/refugedugoleon.com\/goleon\/wp-content\/uploads\/2019\/06\/GIF_0003-1024x682.gif\" alt=\"\" class=\"wp-image-253\" width=\"275\" height=\"183\" srcset=\"https:\/\/refugedugoleon.com\/goleon\/wp-content\/uploads\/2019\/06\/GIF_0003-1024x682.gif 1024w, https:\/\/refugedugoleon.com\/goleon\/wp-content\/uploads\/2019\/06\/GIF_0003-300x200.gif 300w, https:\/\/refugedugoleon.com\/goleon\/wp-content\/uploads\/2019\/06\/GIF_0003-768x512.gif 768w, https:\/\/refugedugoleon.com\/goleon\/wp-content\/uploads\/2019\/06\/GIF_0003-830x553.gif 830w, https:\/\/refugedugoleon.com\/goleon\/wp-content\/uploads\/2019\/06\/GIF_0003-230x153.gif 230w, https:\/\/refugedugoleon.com\/goleon\/wp-content\/uploads\/2019\/06\/GIF_0003-350x233.gif 350w, https:\/\/refugedugoleon.com\/goleon\/wp-content\/uploads\/2019\/06\/GIF_0003-480x320.gif 480w\" sizes=\"(max-width: 275px) 100vw, 275px\" \/><\/figure><\/div>\n\n\n\n<p>     Pas tout \u00e0 fait fini, le refuge vous apportera n\u00e9anmoins l&rsquo;indispensable pour passer une&nbsp; agr\u00e9able nuit en montagne. Vous y trouverez :<\/p>\n\n\n\n<ul><li>19 couchages r\u00e9partis dans 3 petits dortoirs confortables. Couettes et couvertures sont fournies. Pour une question d&rsquo;hygi\u00e8ne pr\u00e9voyez un <strong>drap sac<\/strong> ou sac \u00e0 viande.&nbsp;<\/li><li>Une salle \u00e0 manger accueillante avec un po\u00eale \u00e0 bois qui r\u00e9chauffera les plus frileux et pourra faire s\u00e9cher vos v\u00eatements et chaussures&#8230;<\/li><li>Un sas d&rsquo;entr\u00e9e avec caisses et chaussons mis \u00e0 votre disposition.<\/li><li>Des toilettes et un lavabo.<\/li><\/ul>\n\n\n\n<div class=\"wp-block-image\"><figure class=\"alignright is-resized\"><img decoding=\"async\" src=\"http:\/\/refugedugoleon.com\/goleon\/wp-content\/uploads\/2019\/06\/GIF_0001-1024x682.gif\" alt=\"\" class=\"wp-image-252\" width=\"274\" height=\"182\" srcset=\"https:\/\/refugedugoleon.com\/goleon\/wp-content\/uploads\/2019\/06\/GIF_0001-1024x682.gif 1024w, https:\/\/refugedugoleon.com\/goleon\/wp-content\/uploads\/2019\/06\/GIF_0001-300x200.gif 300w, https:\/\/refugedugoleon.com\/goleon\/wp-content\/uploads\/2019\/06\/GIF_0001-768x512.gif 768w, https:\/\/refugedugoleon.com\/goleon\/wp-content\/uploads\/2019\/06\/GIF_0001-830x553.gif 830w, https:\/\/refugedugoleon.com\/goleon\/wp-content\/uploads\/2019\/06\/GIF_0001-230x153.gif 230w, https:\/\/refugedugoleon.com\/goleon\/wp-content\/uploads\/2019\/06\/GIF_0001-350x233.gif 350w, https:\/\/refugedugoleon.com\/goleon\/wp-content\/uploads\/2019\/06\/GIF_0001-480x320.gif 480w\" sizes=\"(max-width: 274px) 100vw, 274px\" \/><\/figure><\/div>\n\n\n\n<p>      Le refuge ne dispose actuellement ni d&rsquo;eau chaude ni de douches ! Attention il y a peu d&rsquo;\u00e9lectricit\u00e9, pensez \u00e0 monter votre <strong>lampe de poche<\/strong> et \u00e0 recharger vos batteries de t\u00e9l\u00e9phone portable et d&rsquo;appareil photo avant de venir !&nbsp;<\/p>\n\n\n\n<p>     Il n&rsquo;y a pas de refuge d&rsquo;hiver, ni de clef mise \u00e0 disposition.&nbsp; <\/p>\n\n\n\n<h3 class=\"wp-block-heading\">A chaque saison ses gardiens:<\/h3>\n\n\n\n<p><\/p>\n\n\n\n<div class=\"wp-block-image\"><figure class=\"alignleft\"><img loading=\"lazy\" decoding=\"async\" width=\"225\" height=\"300\" src=\"http:\/\/refugedugoleon.com\/goleon\/wp-content\/uploads\/2019\/05\/SDC16207-e1559050678952-225x300.jpg\" alt=\"\" class=\"wp-image-122\" srcset=\"https:\/\/refugedugoleon.com\/goleon\/wp-content\/uploads\/2019\/05\/SDC16207-e1559050678952-225x300.jpg 225w, https:\/\/refugedugoleon.com\/goleon\/wp-content\/uploads\/2019\/05\/SDC16207-e1559050678952-768x1024.jpg 768w, https:\/\/refugedugoleon.com\/goleon\/wp-content\/uploads\/2019\/05\/SDC16207-e1559050678952-830x1107.jpg 830w, https:\/\/refugedugoleon.com\/goleon\/wp-content\/uploads\/2019\/05\/SDC16207-e1559050678952-230x307.jpg 230w, https:\/\/refugedugoleon.com\/goleon\/wp-content\/uploads\/2019\/05\/SDC16207-e1559050678952-350x467.jpg 350w, https:\/\/refugedugoleon.com\/goleon\/wp-content\/uploads\/2019\/05\/SDC16207-e1559050678952-480x640.jpg 480w\" sizes=\"(max-width: 225px) 100vw, 225px\" \/><\/figure><\/div>\n\n\n\n<p>Lucile BOUST et Myrtille REINHARD vous accueillent tout l&rsquo;\u00e9t\u00e9.<\/p>\n\n\n\n<p>Myrtille et Olivier vous attendent l&rsquo;hiver, pour un chocolat chaud au pr\u00e8s du po\u00eale apr\u00e8s une belle journ\u00e9e de ski de randonn\u00e9e ou de raquettes. <\/p>\n\n\n\n<p><\/p>\n\n\n\n<p><\/p>\n\n\n\n<p><\/p>\n\n\n\n<p><\/p>\n\n\n\n<div class=\"wp-block-image\"><figure class=\"alignright size-medium\"><img loading=\"lazy\" decoding=\"async\" width=\"300\" height=\"200\" src=\"https:\/\/refugedugoleon.com\/goleon\/wp-content\/uploads\/2023\/03\/DSC03245-edited-300x200.jpg\" alt=\"\" class=\"wp-image-631\" srcset=\"https:\/\/refugedugoleon.com\/goleon\/wp-content\/uploads\/2023\/03\/DSC03245-edited-300x200.jpg 300w, https:\/\/refugedugoleon.com\/goleon\/wp-content\/uploads\/2023\/03\/DSC03245-edited-1024x684.jpg 1024w, https:\/\/refugedugoleon.com\/goleon\/wp-content\/uploads\/2023\/03\/DSC03245-edited-768x513.jpg 768w, https:\/\/refugedugoleon.com\/goleon\/wp-content\/uploads\/2023\/03\/DSC03245-edited-1536x1026.jpg 1536w, https:\/\/refugedugoleon.com\/goleon\/wp-content\/uploads\/2023\/03\/DSC03245-edited-2048x1368.jpg 2048w, https:\/\/refugedugoleon.com\/goleon\/wp-content\/uploads\/2023\/03\/DSC03245-edited-404x270.jpg 404w\" sizes=\"(max-width: 300px) 100vw, 300px\" \/><\/figure><\/div>\n\n\n\n<h2 class=\"wp-block-heading\" id=\"restauration_goleon\">La restauration au Gol\u00e9on<\/h2>\n\n\n\n<p>De passage en journ\u00e9e vous pourrez profiter de notre restauration \u00e0 la carte. Boissons chaudes et fra\u00eeches, petites ou grandes assiettes vari\u00e9es et surtout tartes et g\u00e2teaux aux parfums changeants, selon l&rsquo;humeur du jour! <\/p>\n\n\n\n<p><\/p>\n\n\n\n<p><\/p>\n\n\n\n<figure class=\"wp-block-table\"><table><tbody><tr><td><em>Pour les petites ou grandes faims, nous vous proposons quelques assiettes, qui on l\u2019esp\u00e8re, satisferont tous les go\u00fbts&nbsp;! Afin que vos papilles passent un agr\u00e9able moment, nous travaillons dans la mesure du possible des produits biologiques et locaux. Vous trouverez peut \u00eatre dans vos assiettes un brin de passion, de folie et d\u2019amour&nbsp;! <\/em><\/td><\/tr><\/tbody><\/table><\/figure>\n\n\n\n<div class=\"wp-block-media-text alignwide is-stacked-on-mobile\" style=\"grid-template-columns:30% auto\"><figure class=\"wp-block-media-text__media\"><img loading=\"lazy\" decoding=\"async\" width=\"1024\" height=\"614\" src=\"http:\/\/refugedugoleon.com\/goleon\/wp-content\/uploads\/2019\/06\/20180627_133346-1024x614.jpg\" alt=\"\" class=\"wp-image-199 size-full\" srcset=\"https:\/\/refugedugoleon.com\/goleon\/wp-content\/uploads\/2019\/06\/20180627_133346-1024x614.jpg 1024w, https:\/\/refugedugoleon.com\/goleon\/wp-content\/uploads\/2019\/06\/20180627_133346-300x180.jpg 300w, https:\/\/refugedugoleon.com\/goleon\/wp-content\/uploads\/2019\/06\/20180627_133346-768x461.jpg 768w, https:\/\/refugedugoleon.com\/goleon\/wp-content\/uploads\/2019\/06\/20180627_133346-830x498.jpg 830w, https:\/\/refugedugoleon.com\/goleon\/wp-content\/uploads\/2019\/06\/20180627_133346-230x138.jpg 230w, https:\/\/refugedugoleon.com\/goleon\/wp-content\/uploads\/2019\/06\/20180627_133346-350x210.jpg 350w, https:\/\/refugedugoleon.com\/goleon\/wp-content\/uploads\/2019\/06\/20180627_133346-480x288.jpg 480w\" sizes=\"(max-width: 1024px) 100vw, 1024px\" \/><\/figure><div class=\"wp-block-media-text__content\">\n<p style=\"font-size:18px\">Le soir nous vous proposons un repas unique \u00e0 partager.<\/p>\n\n\n\n<p>Nous pr\u00e9parons \u00e9galement des <strong>pique-niques<\/strong> \u00e0 emporter pour votre journ\u00e9e de randonn\u00e9e. \u00c0 mentionner lors de votre r\u00e9servation afin que nous puissions anticiper <strong>( au plus tard 24h avant votre venue car nous faisons tout maison! )<\/strong>.<\/p>\n\n\n\n<p>Pr\u00e9venez nous \u00e0 la r\u00e9servation pour toute allergie et\/ou intol\u00e9rance alimentaire. Pr\u00e9venus \u00e0 l&rsquo;avance nous ferons de notre mieux pour r\u00e9pondre \u00e0 vos besoins.&nbsp;<\/p>\n\n\n\n<p>Amis bivouaqueurs et pique-niqueurs vous \u00eates \u00e9galement les bienvenus sur notre terrasse lorsqu&rsquo;il fait beau et \u00e0 l&rsquo;int\u00e9rieur au chaud en cas de mauvais temps !<\/p>\n<\/div><\/div>\n\n\n\n<h2 class=\"wp-block-heading\" id=\"cadre_exceptionnel\">Un cadre exceptionnel<\/h2>\n\n\n\n<h3 class=\"wp-block-heading\">La flore<\/h3>\n\n\n\n<div class=\"wp-block-media-text alignwide is-stacked-on-mobile\"><figure class=\"wp-block-media-text__media\"><img loading=\"lazy\" decoding=\"async\" width=\"762\" height=\"510\" src=\"http:\/\/refugedugoleon.com\/goleon\/wp-content\/uploads\/2019\/06\/fleur.jpg\" alt=\"\" class=\"wp-image-218 size-full\" srcset=\"https:\/\/refugedugoleon.com\/goleon\/wp-content\/uploads\/2019\/06\/fleur.jpg 762w, https:\/\/refugedugoleon.com\/goleon\/wp-content\/uploads\/2019\/06\/fleur-300x201.jpg 300w, https:\/\/refugedugoleon.com\/goleon\/wp-content\/uploads\/2019\/06\/fleur-230x154.jpg 230w, https:\/\/refugedugoleon.com\/goleon\/wp-content\/uploads\/2019\/06\/fleur-350x234.jpg 350w, https:\/\/refugedugoleon.com\/goleon\/wp-content\/uploads\/2019\/06\/fleur-480x321.jpg 480w\" sizes=\"(max-width: 762px) 100vw, 762px\" \/><\/figure><div class=\"wp-block-media-text__content\">\n<p style=\"font-size:18px\">Des Hameaux de Valfroide au glacier du Gol\u00e9on, du Lys Martagon aux Renoncules en passant par les Linaigrettes, c\u2019est un v\u00e9ritable panel de la flore alpine qui s\u2019offre a vos yeux. Les meilleures p\u00e9riodes pour d\u00e9couvrir la flore de montagne\u00a0sont les mois de juin et de juillet.<\/p>\n<\/div><\/div>\n\n\n\n<p><\/p>\n\n\n\n<h3 class=\"wp-block-heading\">La faune<\/h3>\n\n\n\n<div class=\"wp-block-media-text alignwide has-media-on-the-right is-stacked-on-mobile is-vertically-aligned-center\"><figure class=\"wp-block-media-text__media\"><img loading=\"lazy\" decoding=\"async\" width=\"543\" height=\"382\" src=\"http:\/\/refugedugoleon.com\/goleon\/wp-content\/uploads\/2019\/06\/vautour4.jpg\" alt=\"\" class=\"wp-image-221 size-full\" srcset=\"https:\/\/refugedugoleon.com\/goleon\/wp-content\/uploads\/2019\/06\/vautour4.jpg 543w, https:\/\/refugedugoleon.com\/goleon\/wp-content\/uploads\/2019\/06\/vautour4-300x211.jpg 300w, https:\/\/refugedugoleon.com\/goleon\/wp-content\/uploads\/2019\/06\/vautour4-230x162.jpg 230w, https:\/\/refugedugoleon.com\/goleon\/wp-content\/uploads\/2019\/06\/vautour4-350x246.jpg 350w, https:\/\/refugedugoleon.com\/goleon\/wp-content\/uploads\/2019\/06\/vautour4-480x338.jpg 480w\" sizes=\"(max-width: 543px) 100vw, 543px\" \/><\/figure><div class=\"wp-block-media-text__content\">\n<p style=\"font-size:18px\">Marmottes, chamois, bouquetins, aigles, vautours&#8230; sont pr\u00e9sents dans le vallon du Gol\u00e9on. Munissez vous de jumelles et soyez discret si vous souhaitez observer la faune.<\/p>\n<\/div><\/div>\n\n\n\n<h3 class=\"wp-block-heading\">Le paysage<\/h3>\n\n\n\n<p>Vous d\u00e9couvrirez l&rsquo;un&nbsp;des plus beau panorama des Alpes avec une vue exceptionnelle sur le massif de la Meije et ses glaciers, mais aussi une vue rapproch\u00e9 sur les Aiguilles d&rsquo;Arves et la Savoie depuis le col Lombard. Du refuge vous profiterez du lev\u00e9 et du couch\u00e9 du Soleil sur la Meije ! C&rsquo;est magique&#8230;<\/p>\n\n\n\n<figure class=\"wp-block-image size-large\"><img loading=\"lazy\" decoding=\"async\" width=\"1024\" height=\"683\" src=\"http:\/\/refugedugoleon.com\/goleon\/wp-content\/uploads\/2020\/05\/IMG_0113-1024x683.jpg\" alt=\"\" class=\"wp-image-332\" srcset=\"https:\/\/refugedugoleon.com\/goleon\/wp-content\/uploads\/2020\/05\/IMG_0113-1024x683.jpg 1024w, https:\/\/refugedugoleon.com\/goleon\/wp-content\/uploads\/2020\/05\/IMG_0113-300x200.jpg 300w, https:\/\/refugedugoleon.com\/goleon\/wp-content\/uploads\/2020\/05\/IMG_0113-768x512.jpg 768w, https:\/\/refugedugoleon.com\/goleon\/wp-content\/uploads\/2020\/05\/IMG_0113-1536x1024.jpg 1536w, https:\/\/refugedugoleon.com\/goleon\/wp-content\/uploads\/2020\/05\/IMG_0113-2048x1365.jpg 2048w, https:\/\/refugedugoleon.com\/goleon\/wp-content\/uploads\/2020\/05\/IMG_0113-830x553.jpg 830w, https:\/\/refugedugoleon.com\/goleon\/wp-content\/uploads\/2020\/05\/IMG_0113-230x153.jpg 230w, https:\/\/refugedugoleon.com\/goleon\/wp-content\/uploads\/2020\/05\/IMG_0113-350x233.jpg 350w, https:\/\/refugedugoleon.com\/goleon\/wp-content\/uploads\/2020\/05\/IMG_0113-480x320.jpg 480w\" sizes=\"(max-width: 1024px) 100vw, 1024px\" \/><\/figure>\n\n\n\n<p><\/p>\n","protected":false},"excerpt":{"rendered":"<p>Le b\u00e2timents et ses gardien(ne)s Blotti dans le vallon du Gol\u00e9on, \u00e0 proximit\u00e9 du lac (200 m\u00e8tres) et face \u00e0 la Meije, le refuge du Gol\u00e9on vous accueille dans un cadre exceptionnel. De pierre de taille et de bois, ce b\u00e2timent, construit en 2009 par son propri\u00e9taire (Guy Berthet) vous s\u00e9duira par sa beaut\u00e9 rustique. Pas tout \u00e0 fait fini, le refuge vous apportera n\u00e9anmoins l&rsquo;indispensable pour passer une&nbsp; agr\u00e9able nuit en montagne. Vous y trouverez : 19 couchages r\u00e9partis&#8230;<\/p>\n<p class=\"read-more\"><a class=\"btn btn-default\" href=\"https:\/\/refugedugoleon.com\/goleon\/?page_id=70\">Lire la suite<span class=\"screen-reader-text\"> Lire la suite<\/span><\/a><\/p>\n","protected":false},"author":1,"featured_media":0,"parent":0,"menu_order":0,"comment_status":"closed","ping_status":"closed","template":"","meta":{"footnotes":""},"_links":{"self":[{"href":"https:\/\/refugedugoleon.com\/goleon\/index.php?rest_route=\/wp\/v2\/pages\/70"}],"collection":[{"href":"https:\/\/refugedugoleon.com\/goleon\/index.php?rest_route=\/wp\/v2\/pages"}],"about":[{"href":"https:\/\/refugedugoleon.com\/goleon\/index.php?rest_route=\/wp\/v2\/types\/page"}],"author":[{"embeddable":true,"href":"https:\/\/refugedugoleon.com\/goleon\/index.php?rest_route=\/wp\/v2\/users\/1"}],"replies":[{"embeddable":true,"href":"https:\/\/refugedugoleon.com\/goleon\/index.php?rest_route=%2Fwp%2Fv2%2Fcomments&post=70"}],"version-history":[{"count":25,"href":"https:\/\/refugedugoleon.com\/goleon\/index.php?rest_route=\/wp\/v2\/pages\/70\/revisions"}],"predecessor-version":[{"id":651,"href":"https:\/\/refugedugoleon.com\/goleon\/index.php?rest_route=\/wp\/v2\/pages\/70\/revisions\/651"}],"wp:attachment":[{"href":"https:\/\/refugedugoleon.com\/goleon\/index.php?rest_route=%2Fwp%2Fv2%2Fmedia&parent=70"}],"curies":[{"name":"wp","href":"https:\/\/api.w.org\/{rel}","templated":true}]}}