{"id":759,"date":"2024-01-25T17:19:56","date_gmt":"2024-01-25T16:19:56","guid":{"rendered":"https:\/\/refugedugoleon.com\/goleon\/?page_id=759"},"modified":"2026-04-13T12:02:20","modified_gmt":"2026-04-13T10:02:20","slug":"accueil-2024","status":"publish","type":"page","link":"https:\/\/refugedugoleon.com\/goleon\/","title":{"rendered":"Bienvenue au refuge du Gol\u00e9on !"},"content":{"rendered":"\n<p class=\"has-vivid-green-cyan-color has-text-color has-link-color wp-elements-edecfc2edaa9065dda249657764027f9\" style=\"font-size:38px\">La saison hivernale est termin\u00e9e \ud83d\ude41 Pour la saison d&rsquo;\u00e9t\u00e9 le refuge ouvrira du 13\/06\/26 au 12\/09\/26<\/p>\n\n\n\n<ul style=\"font-size:20px\">\n<li>R\u00e9servation en ligne disponible ou si besoin et pour les groupes sup\u00e9rieurs \u00e0 8 personnes, r\u00e9servation par t\u00e9l\u00e9phone &#8211; <strong>06.87.26.46.54<\/strong><\/li>\n<\/ul>\n\n\n\n<p><\/p>\n\n\n\n<p><\/p>\n\n\n\n<p class=\"has-text-align-center\" style=\"font-size:20px\">Attention, pensez \u00e0 vous informer sur l&rsquo;<strong>acc\u00e8s routier<\/strong>, potentiellement coup\u00e9 lors d&rsquo;intemp\u00e9ries ou de courses cyclistes ( particuli\u00e8rement au col du Lautaret ) <br><strong><a href=\"https:\/\/inforoute.hautes-alpes.fr\/www\/index.html\">https:\/\/inforoute.hautes-alpes.fr\/www\/index.html<\/a><\/strong><\/p>\n\n\n\n<div class=\"wp-block-group is-layout-constrained wp-block-group-is-layout-constrained\"><div class=\"wp-block-group__inner-container\">\n<figure class=\"wp-block-gallery aligncenter has-nested-images columns-default is-cropped wp-block-gallery-1 is-layout-flex wp-block-gallery-is-layout-flex\">\n<figure class=\"wp-block-image size-large\"><img fetchpriority=\"high\" decoding=\"async\" width=\"1024\" height=\"768\" src=\"https:\/\/refugedugoleon.com\/goleon\/wp-content\/uploads\/2026\/02\/goleon-hiver-2026-1024x768.jpeg\" alt=\"\" class=\"wp-image-962\" srcset=\"https:\/\/refugedugoleon.com\/goleon\/wp-content\/uploads\/2026\/02\/goleon-hiver-2026-1024x768.jpeg 1024w, https:\/\/refugedugoleon.com\/goleon\/wp-content\/uploads\/2026\/02\/goleon-hiver-2026-300x225.jpeg 300w, https:\/\/refugedugoleon.com\/goleon\/wp-content\/uploads\/2026\/02\/goleon-hiver-2026-768x576.jpeg 768w, https:\/\/refugedugoleon.com\/goleon\/wp-content\/uploads\/2026\/02\/goleon-hiver-2026-1536x1152.jpeg 1536w, https:\/\/refugedugoleon.com\/goleon\/wp-content\/uploads\/2026\/02\/goleon-hiver-2026-360x270.jpeg 360w, https:\/\/refugedugoleon.com\/goleon\/wp-content\/uploads\/2026\/02\/goleon-hiver-2026.jpeg 1600w\" sizes=\"(max-width: 1024px) 100vw, 1024px\" \/><\/figure>\n<\/figure>\n<\/div><\/div>\n","protected":false},"excerpt":{"rendered":"<p>La saison hivernale est termin\u00e9e \ud83d\ude41 Pour la saison d&rsquo;\u00e9t\u00e9 le refuge ouvrira du 13\/06\/26 au 12\/09\/26 Attention, pensez \u00e0 vous informer sur l&rsquo;acc\u00e8s routier, potentiellement coup\u00e9 lors d&rsquo;intemp\u00e9ries ou de courses cyclistes ( particuli\u00e8rement au col du Lautaret ) https:\/\/inforoute.hautes-alpes.fr\/www\/index.html<\/p>\n","protected":false},"author":1,"featured_media":0,"parent":0,"menu_order":0,"comment_status":"closed","ping_status":"closed","template":"","meta":{"footnotes":""},"_links":{"self":[{"href":"https:\/\/refugedugoleon.com\/goleon\/index.php?rest_route=\/wp\/v2\/pages\/759"}],"collection":[{"href":"https:\/\/refugedugoleon.com\/goleon\/index.php?rest_route=\/wp\/v2\/pages"}],"about":[{"href":"https:\/\/refugedugoleon.com\/goleon\/index.php?rest_route=\/wp\/v2\/types\/page"}],"author":[{"embeddable":true,"href":"https:\/\/refugedugoleon.com\/goleon\/index.php?rest_route=\/wp\/v2\/users\/1"}],"replies":[{"embeddable":true,"href":"https:\/\/refugedugoleon.com\/goleon\/index.php?rest_route=%2Fwp%2Fv2%2Fcomments&post=759"}],"version-history":[{"count":79,"href":"https:\/\/refugedugoleon.com\/goleon\/index.php?rest_route=\/wp\/v2\/pages\/759\/revisions"}],"predecessor-version":[{"id":1007,"href":"https:\/\/refugedugoleon.com\/goleon\/index.php?rest_route=\/wp\/v2\/pages\/759\/revisions\/1007"}],"wp:attachment":[{"href":"https:\/\/refugedugoleon.com\/goleon\/index.php?rest_route=%2Fwp%2Fv2%2Fmedia&parent=759"}],"curies":[{"name":"wp","href":"https:\/\/api.w.org\/{rel}","templated":true}]}}